{"id":363,"date":"2025-03-17T13:43:59","date_gmt":"2025-03-17T12:43:59","guid":{"rendered":"https:\/\/lyceeidiomas.com\/contact\/"},"modified":"2025-08-07T07:28:45","modified_gmt":"2025-08-07T06:28:45","slug":"contact","status":"publish","type":"page","link":"https:\/\/lyceeidiomas.com\/fr\/contact\/","title":{"rendered":"Contact"},"content":{"rendered":"\t\t<div data-elementor-type=\"wp-page\" data-elementor-id=\"363\" class=\"elementor elementor-363 elementor-168\" data-elementor-settings=\"{&quot;ha_cmc_init_switcher&quot;:&quot;no&quot;}\" data-elementor-post-type=\"page\">\n\t\t\t\t<div class=\"elementor-element elementor-element-9a0f1cc e-grid e-con-full e-con e-parent\" data-id=\"9a0f1cc\" data-element_type=\"container\" data-settings=\"{&quot;_ha_eqh_enable&quot;:false}\">\n\t\t<div class=\"elementor-element elementor-element-a015cac e-con-full e-flex e-con e-child\" data-id=\"a015cac\" data-element_type=\"container\" data-settings=\"{&quot;background_background&quot;:&quot;classic&quot;,&quot;_ha_eqh_enable&quot;:false}\">\n\t\t\t\t<div class=\"elementor-element elementor-element-db05901 elementor-widget elementor-widget-ha-wpform happy-addon ha-wpform\" data-id=\"db05901\" data-element_type=\"widget\" data-widget_type=\"ha-wpform.default\">\n\t\t\t\t<div class=\"elementor-widget-container\">\n\t\t\t\t\t<style id=\"wpforms-css-vars-761\">\n\t\t\t\t#wpforms-761 {\n\t\t\t\t--wpforms-container-padding: 0px;\n--wpforms-container-border-width: 1px;\n--wpforms-container-border-radius: 3px;\n--wpforms-background-color: rgba(0, 0, 0, 0);\n--wpforms-field-size-input-height: 43px;\n--wpforms-field-size-input-spacing: 15px;\n--wpforms-field-size-font-size: 16px;\n--wpforms-field-size-line-height: 19px;\n--wpforms-field-size-padding-h: 14px;\n--wpforms-field-size-checkbox-size: 16px;\n--wpforms-field-size-sublabel-spacing: 5px;\n--wpforms-field-size-icon-size: 1;\n--wpforms-label-size-font-size: 16px;\n--wpforms-label-size-line-height: 19px;\n--wpforms-label-size-sublabel-font-size: 14px;\n--wpforms-label-size-sublabel-line-height: 17px;\n--wpforms-button-size-font-size: 17px;\n--wpforms-button-size-height: 41px;\n--wpforms-button-size-padding-h: 15px;\n--wpforms-button-size-margin-top: 10px;\n--wpforms-container-shadow-size-box-shadow: none;\n\n\t\t\t}\n\t\t\t<\/style><div class=\"wpforms-container wpforms-container-full wpforms-render-modern\" id=\"wpforms-761\"><form id=\"wpforms-form-761\" class=\"wpforms-validate wpforms-form wpforms-ajax-form\" data-formid=\"761\" method=\"post\" enctype=\"multipart\/form-data\" action=\"\/fr\/wp-json\/wp\/v2\/pages\/363\" data-token=\"79bbc5a786ddc648cd74f91d9a519e0d\" data-token-time=\"1779024670\"><noscript class=\"wpforms-error-noscript\">Veuillez activer JavaScript dans votre navigateur pour remplir ce formulaire.<\/noscript><div id=\"wpforms-error-noscript\" style=\"display: none;\">Veuillez activer JavaScript dans votre navigateur pour remplir ce formulaire.<\/div><div class=\"wpforms-field-container\"><div id=\"wpforms-761-field_1-container\" class=\"wpforms-field wpforms-field-name\" data-field-id=\"1\"><label class=\"wpforms-field-label\" for=\"wpforms-761-field_1\">Nom <span class=\"wpforms-required-label\" aria-hidden=\"true\">*<\/span><\/label><input type=\"text\" id=\"wpforms-761-field_1\" class=\"wpforms-field-medium wpforms-field-required\" name=\"wpforms[fields][1]\" placeholder=\"Nom\" aria-errormessage=\"wpforms-761-field_1-error\" required><\/div>\t\t<div id=\"wpforms-761-field_4-container\"\n\t\t\tclass=\"wpforms-field wpforms-field-text\"\n\t\t\tdata-field-type=\"text\"\n\t\t\tdata-field-id=\"4\"\n\t\t\t>\n\t\t\t<label class=\"wpforms-field-label\" for=\"wpforms-761-field_4\" >domaine Nom Choisissez<\/label>\n\t\t\t<input type=\"text\" id=\"wpforms-761-field_4\" class=\"wpforms-field-medium\" name=\"wpforms[fields][4]\" >\n\t\t<\/div>\n\t\t<div id=\"wpforms-761-field_6-container\" class=\"wpforms-field wpforms-field-checkbox\" data-field-id=\"6\"><fieldset><legend class=\"wpforms-field-label\">Choisissez votre domaine d&#039;\u00e9tudes<\/legend><ul id=\"wpforms-761-field_6\"><li class=\"choice-1 depth-1\"><input type=\"checkbox\" id=\"wpforms-761-field_6_1\" name=\"wpforms[fields][6][]\" value=\"Informatique\" aria-errormessage=\"wpforms-761-field_6_1-error\"  ><label class=\"wpforms-field-label-inline\" for=\"wpforms-761-field_6_1\">Informatique<\/label><\/li><li class=\"choice-2 depth-1\"><input type=\"checkbox\" id=\"wpforms-761-field_6_2\" name=\"wpforms[fields][6][]\" value=\"\u00c9tudes r\u00e9glement\u00e9es\" aria-errormessage=\"wpforms-761-field_6_2-error\"  ><label class=\"wpforms-field-label-inline\" for=\"wpforms-761-field_6_2\">\u00c9tudes r\u00e9glement\u00e9es<\/label><\/li><li class=\"choice-3 depth-1\"><input type=\"checkbox\" id=\"wpforms-761-field_6_3\" name=\"wpforms[fields][6][]\" value=\"Renforcement scolaire\" aria-errormessage=\"wpforms-761-field_6_3-error\"  ><label class=\"wpforms-field-label-inline\" for=\"wpforms-761-field_6_3\">Renforcement scolaire<\/label><\/li><li class=\"choice-4 depth-1\"><input type=\"checkbox\" id=\"wpforms-761-field_6_4\" name=\"wpforms[fields][6][]\" value=\"langues\" aria-errormessage=\"wpforms-761-field_6_4-error\"  ><label class=\"wpforms-field-label-inline\" for=\"wpforms-761-field_6_4\">langues<\/label><\/li><\/ul><\/fieldset><\/div><div id=\"wpforms-761-field_2-container\" class=\"wpforms-field wpforms-field-email\" data-field-id=\"2\"><label class=\"wpforms-field-label\" for=\"wpforms-761-field_2\">Email <span class=\"wpforms-required-label\" aria-hidden=\"true\">*<\/span><\/label><input type=\"email\" id=\"wpforms-761-field_2\" class=\"wpforms-field-medium wpforms-field-required\" name=\"wpforms[fields][2]\" placeholder=\"Votre email\" spellcheck=\"false\" aria-errormessage=\"wpforms-761-field_2-error\" required><\/div><div id=\"wpforms-761-field_3-container\" class=\"wpforms-field wpforms-field-textarea\" data-field-id=\"3\"><label class=\"wpforms-field-label\" for=\"wpforms-761-field_3\">Message<\/label><textarea id=\"wpforms-761-field_3\" class=\"wpforms-field-medium\" name=\"wpforms[fields][3]\" placeholder=\"Dites-nous ce dont vous avez besoin\" aria-errormessage=\"wpforms-761-field_3-error\" ><\/textarea><\/div><script>\n\t\t\t\t( function() {\n\t\t\t\t\tconst style = document.createElement( 'style' );\n\t\t\t\t\tstyle.appendChild( document.createTextNode( '#wpforms-761-field_4-container { position: absolute !important; overflow: hidden !important; display: inline !important; height: 1px !important; width: 1px !important; z-index: -1000 !important; padding: 0 !important; } #wpforms-761-field_4-container input { visibility: hidden; } #wpforms-conversational-form-page #wpforms-761-field_4-container label { counter-increment: none; }' ) );\n\t\t\t\t\tdocument.head.appendChild( style );\n\t\t\t\t\tdocument.currentScript?.remove();\n\t\t\t\t} )();\n\t\t\t<\/script><\/div><!-- .wpforms-field-container --><div class=\"wpforms-recaptcha-container wpforms-is-hcaptcha\" ><div class=\"g-recaptcha\" data-sitekey=\"d26270c0-fc92-4bae-975a-4c16c5462eea\"><\/div><input type=\"text\" name=\"g-recaptcha-hidden\" class=\"wpforms-recaptcha-hidden\" style=\"position:absolute!important;clip:rect(0,0,0,0)!important;height:1px!important;width:1px!important;border:0!important;overflow:hidden!important;padding:0!important;margin:0!important;\" data-rule-hcaptcha=\"1\"><\/div><div class=\"wpforms-submit-container\" ><input type=\"hidden\" name=\"wpforms[id]\" value=\"761\"><input type=\"hidden\" name=\"page_title\" value=\"\"><input type=\"hidden\" name=\"page_url\" value=\"https:\/\/lyceeidiomas.com\/fr\/wp-json\/wp\/v2\/pages\/363\"><input type=\"hidden\" name=\"url_referer\" value=\"\"><button type=\"submit\" name=\"wpforms[submit]\" id=\"wpforms-submit-761\" class=\"wpforms-submit\" data-alt-text=\"Envoi...\" data-submit-text=\"Envoyer\" aria-live=\"assertive\" value=\"wpforms-submit\">Envoyer<\/button><img decoding=\"async\" src=\"https:\/\/lyceeidiomas.com\/wp-content\/plugins\/wpforms-lite\/assets\/images\/submit-spin.svg\" class=\"wpforms-submit-spinner\" style=\"display: none;\" width=\"26\" height=\"26\" alt=\"Chargement en cours\"><\/div><\/form><\/div>  <!-- .wpforms-container -->\t\t\t\t<\/div>\n\t\t\t\t<\/div>\n\t\t\t\t<\/div>\n\t\t<div class=\"elementor-element elementor-element-2493721 e-con-full e-flex e-con e-child\" data-id=\"2493721\" data-element_type=\"container\" data-settings=\"{&quot;background_background&quot;:&quot;classic&quot;,&quot;_ha_eqh_enable&quot;:false}\">\n\t\t\t\t<div class=\"elementor-element elementor-element-e037669 elementor-widget elementor-widget-image\" data-id=\"e037669\" data-element_type=\"widget\" data-widget_type=\"image.default\">\n\t\t\t\t<div class=\"elementor-widget-container\">\n\t\t\t\t\t\t\t\t\t\t\t\t\t\t\t<img fetchpriority=\"high\" decoding=\"async\" width=\"683\" height=\"1024\" src=\"https:\/\/lyceeidiomas.com\/wp-content\/uploads\/2025\/08\/imagen-alumnos-clase-683x1024.webp\" class=\"attachment-large size-large wp-image-880\" alt=\"\" srcset=\"https:\/\/lyceeidiomas.com\/wp-content\/uploads\/2025\/08\/imagen-alumnos-clase-683x1024.webp 683w, https:\/\/lyceeidiomas.com\/wp-content\/uploads\/2025\/08\/imagen-alumnos-clase-200x300.webp 200w, https:\/\/lyceeidiomas.com\/wp-content\/uploads\/2025\/08\/imagen-alumnos-clase-768x1152.webp 768w, https:\/\/lyceeidiomas.com\/wp-content\/uploads\/2025\/08\/imagen-alumnos-clase-1024x1536.webp 1024w, https:\/\/lyceeidiomas.com\/wp-content\/uploads\/2025\/08\/imagen-alumnos-clase.webp 1280w\" sizes=\"(max-width: 683px) 100vw, 683px\" \/>\t\t\t\t\t\t\t\t\t\t\t\t\t\t\t<\/div>\n\t\t\t\t<\/div>\n\t\t\t\t<\/div>\n\t\t\t\t<\/div>\n\t\t\t\t<\/div>\n\t\t","protected":false},"excerpt":{"rendered":"<p>Activeu el JavaScript al navegador per a poder completar el formulari.Activeu el JavaScript al navegador per a poder completar el formulari.Nom * Escull la branca d&#039;estudis Inform\u00e0tica Estudis Reglats Refor\u00e7 escolar Idiomes Email *Missatge Enviar<\/p>\n","protected":false},"author":1,"featured_media":0,"parent":0,"menu_order":0,"comment_status":"closed","ping_status":"closed","template":"elementor_header_footer","meta":{"footnotes":""},"class_list":["post-363","page","type-page","status-publish","hentry"],"yoast_head":"<!-- This site is optimized with the Yoast SEO plugin v27.4 - https:\/\/yoast.com\/product\/yoast-seo-wordpress\/ -->\n<title>Contact - LYC\u00c9E Idiomas<\/title>\n<meta name=\"robots\" content=\"index, follow, max-snippet:-1, max-image-preview:large, max-video-preview:-1\" \/>\n<link rel=\"canonical\" href=\"https:\/\/lyceeidiomas.com\/fr\/contact\/\" \/>\n<meta property=\"og:locale\" content=\"fr_FR\" \/>\n<meta property=\"og:type\" content=\"article\" \/>\n<meta property=\"og:title\" content=\"Contact - LYC\u00c9E Idiomas\" \/>\n<meta property=\"og:description\" content=\"Activeu el JavaScript al navegador per a poder completar el formulari.Activeu el JavaScript al navegador per a poder completar el formulari.Nom * Escull la branca d&#039;estudis Inform\u00e0tica Estudis Reglats Refor\u00e7 escolar Idiomes Email *Missatge Enviar\" \/>\n<meta property=\"og:url\" content=\"https:\/\/lyceeidiomas.com\/fr\/contact\/\" \/>\n<meta property=\"og:site_name\" content=\"LYC\u00c9E Idiomas\" \/>\n<meta property=\"article:modified_time\" content=\"2025-08-07T06:28:45+00:00\" \/>\n<meta property=\"og:image\" content=\"https:\/\/lyceeidiomas.com\/wp-content\/plugins\/wpforms-lite\/assets\/images\/submit-spin.svg\" \/>\n<meta name=\"twitter:card\" content=\"summary_large_image\" \/>\n<script type=\"application\/ld+json\" class=\"yoast-schema-graph\">{\"@context\":\"https:\\\/\\\/schema.org\",\"@graph\":[{\"@type\":\"WebPage\",\"@id\":\"https:\\\/\\\/lyceeidiomas.com\\\/fr\\\/contact\\\/\",\"url\":\"https:\\\/\\\/lyceeidiomas.com\\\/fr\\\/contact\\\/\",\"name\":\"Contact - LYC\u00c9E Idiomas\",\"isPartOf\":{\"@id\":\"https:\\\/\\\/lyceeidiomas.com\\\/#website\"},\"primaryImageOfPage\":{\"@id\":\"https:\\\/\\\/lyceeidiomas.com\\\/fr\\\/contact\\\/#primaryimage\"},\"image\":{\"@id\":\"https:\\\/\\\/lyceeidiomas.com\\\/fr\\\/contact\\\/#primaryimage\"},\"thumbnailUrl\":\"https:\\\/\\\/lyceeidiomas.com\\\/wp-content\\\/plugins\\\/wpforms-lite\\\/assets\\\/images\\\/submit-spin.svg\",\"datePublished\":\"2025-03-17T12:43:59+00:00\",\"dateModified\":\"2025-08-07T06:28:45+00:00\",\"breadcrumb\":{\"@id\":\"https:\\\/\\\/lyceeidiomas.com\\\/fr\\\/contact\\\/#breadcrumb\"},\"inLanguage\":\"fr-FR\",\"potentialAction\":[{\"@type\":\"ReadAction\",\"target\":[\"https:\\\/\\\/lyceeidiomas.com\\\/fr\\\/contact\\\/\"]}]},{\"@type\":\"ImageObject\",\"inLanguage\":\"fr-FR\",\"@id\":\"https:\\\/\\\/lyceeidiomas.com\\\/fr\\\/contact\\\/#primaryimage\",\"url\":\"https:\\\/\\\/lyceeidiomas.com\\\/wp-content\\\/plugins\\\/wpforms-lite\\\/assets\\\/images\\\/submit-spin.svg\",\"contentUrl\":\"https:\\\/\\\/lyceeidiomas.com\\\/wp-content\\\/plugins\\\/wpforms-lite\\\/assets\\\/images\\\/submit-spin.svg\"},{\"@type\":\"BreadcrumbList\",\"@id\":\"https:\\\/\\\/lyceeidiomas.com\\\/fr\\\/contact\\\/#breadcrumb\",\"itemListElement\":[{\"@type\":\"ListItem\",\"position\":1,\"name\":\"Inici\",\"item\":\"https:\\\/\\\/lyceeidiomas.com\\\/fr\\\/accueil\\\/\"},{\"@type\":\"ListItem\",\"position\":2,\"name\":\"Contact\"}]},{\"@type\":\"WebSite\",\"@id\":\"https:\\\/\\\/lyceeidiomas.com\\\/#website\",\"url\":\"https:\\\/\\\/lyceeidiomas.com\\\/\",\"name\":\"LYC\u00c9E Idiomas\",\"description\":\"Escola d&#039;idiomes i Formaci\u00f3\",\"publisher\":{\"@id\":\"https:\\\/\\\/lyceeidiomas.com\\\/#organization\"},\"potentialAction\":[{\"@type\":\"SearchAction\",\"target\":{\"@type\":\"EntryPoint\",\"urlTemplate\":\"https:\\\/\\\/lyceeidiomas.com\\\/?s={search_term_string}\"},\"query-input\":{\"@type\":\"PropertyValueSpecification\",\"valueRequired\":true,\"valueName\":\"search_term_string\"}}],\"inLanguage\":\"fr-FR\"},{\"@type\":\"Organization\",\"@id\":\"https:\\\/\\\/lyceeidiomas.com\\\/#organization\",\"name\":\"LYC\u00c9E Idiomas\",\"url\":\"https:\\\/\\\/lyceeidiomas.com\\\/\",\"logo\":{\"@type\":\"ImageObject\",\"inLanguage\":\"fr-FR\",\"@id\":\"https:\\\/\\\/lyceeidiomas.com\\\/#\\\/schema\\\/logo\\\/image\\\/\",\"url\":\"https:\\\/\\\/lyceeidiomas.com\\\/wp-content\\\/uploads\\\/2025\\\/03\\\/Logo-LYCEEIDIOMAS-Photoroom-1.webp\",\"contentUrl\":\"https:\\\/\\\/lyceeidiomas.com\\\/wp-content\\\/uploads\\\/2025\\\/03\\\/Logo-LYCEEIDIOMAS-Photoroom-1.webp\",\"width\":876,\"height\":1202,\"caption\":\"LYC\u00c9E Idiomas\"},\"image\":{\"@id\":\"https:\\\/\\\/lyceeidiomas.com\\\/#\\\/schema\\\/logo\\\/image\\\/\"}}]}<\/script>\n<!-- \/ Yoast SEO plugin. -->","yoast_head_json":{"title":"Contact - LYC\u00c9E Idiomas","robots":{"index":"index","follow":"follow","max-snippet":"max-snippet:-1","max-image-preview":"max-image-preview:large","max-video-preview":"max-video-preview:-1"},"canonical":"https:\/\/lyceeidiomas.com\/fr\/contact\/","og_locale":"fr_FR","og_type":"article","og_title":"Contact - LYC\u00c9E Idiomas","og_description":"Activeu el JavaScript al navegador per a poder completar el formulari.Activeu el JavaScript al navegador per a poder completar el formulari.Nom * Escull la branca d&#039;estudis Inform\u00e0tica Estudis Reglats Refor\u00e7 escolar Idiomes Email *Missatge Enviar","og_url":"https:\/\/lyceeidiomas.com\/fr\/contact\/","og_site_name":"LYC\u00c9E Idiomas","article_modified_time":"2025-08-07T06:28:45+00:00","og_image":[{"url":"https:\/\/lyceeidiomas.com\/wp-content\/plugins\/wpforms-lite\/assets\/images\/submit-spin.svg","type":"","width":"","height":""}],"twitter_card":"summary_large_image","schema":{"@context":"https:\/\/schema.org","@graph":[{"@type":"WebPage","@id":"https:\/\/lyceeidiomas.com\/fr\/contact\/","url":"https:\/\/lyceeidiomas.com\/fr\/contact\/","name":"Contact - LYC\u00c9E Idiomas","isPartOf":{"@id":"https:\/\/lyceeidiomas.com\/#website"},"primaryImageOfPage":{"@id":"https:\/\/lyceeidiomas.com\/fr\/contact\/#primaryimage"},"image":{"@id":"https:\/\/lyceeidiomas.com\/fr\/contact\/#primaryimage"},"thumbnailUrl":"https:\/\/lyceeidiomas.com\/wp-content\/plugins\/wpforms-lite\/assets\/images\/submit-spin.svg","datePublished":"2025-03-17T12:43:59+00:00","dateModified":"2025-08-07T06:28:45+00:00","breadcrumb":{"@id":"https:\/\/lyceeidiomas.com\/fr\/contact\/#breadcrumb"},"inLanguage":"fr-FR","potentialAction":[{"@type":"ReadAction","target":["https:\/\/lyceeidiomas.com\/fr\/contact\/"]}]},{"@type":"ImageObject","inLanguage":"fr-FR","@id":"https:\/\/lyceeidiomas.com\/fr\/contact\/#primaryimage","url":"https:\/\/lyceeidiomas.com\/wp-content\/plugins\/wpforms-lite\/assets\/images\/submit-spin.svg","contentUrl":"https:\/\/lyceeidiomas.com\/wp-content\/plugins\/wpforms-lite\/assets\/images\/submit-spin.svg"},{"@type":"BreadcrumbList","@id":"https:\/\/lyceeidiomas.com\/fr\/contact\/#breadcrumb","itemListElement":[{"@type":"ListItem","position":1,"name":"Inici","item":"https:\/\/lyceeidiomas.com\/fr\/accueil\/"},{"@type":"ListItem","position":2,"name":"Contact"}]},{"@type":"WebSite","@id":"https:\/\/lyceeidiomas.com\/#website","url":"https:\/\/lyceeidiomas.com\/","name":"LYC\u00c9E Idiomas","description":"Escola d&#039;idiomes i Formaci\u00f3","publisher":{"@id":"https:\/\/lyceeidiomas.com\/#organization"},"potentialAction":[{"@type":"SearchAction","target":{"@type":"EntryPoint","urlTemplate":"https:\/\/lyceeidiomas.com\/?s={search_term_string}"},"query-input":{"@type":"PropertyValueSpecification","valueRequired":true,"valueName":"search_term_string"}}],"inLanguage":"fr-FR"},{"@type":"Organization","@id":"https:\/\/lyceeidiomas.com\/#organization","name":"LYC\u00c9E Idiomas","url":"https:\/\/lyceeidiomas.com\/","logo":{"@type":"ImageObject","inLanguage":"fr-FR","@id":"https:\/\/lyceeidiomas.com\/#\/schema\/logo\/image\/","url":"https:\/\/lyceeidiomas.com\/wp-content\/uploads\/2025\/03\/Logo-LYCEEIDIOMAS-Photoroom-1.webp","contentUrl":"https:\/\/lyceeidiomas.com\/wp-content\/uploads\/2025\/03\/Logo-LYCEEIDIOMAS-Photoroom-1.webp","width":876,"height":1202,"caption":"LYC\u00c9E Idiomas"},"image":{"@id":"https:\/\/lyceeidiomas.com\/#\/schema\/logo\/image\/"}}]}},"_links":{"self":[{"href":"https:\/\/lyceeidiomas.com\/fr\/wp-json\/wp\/v2\/pages\/363","targetHints":{"allow":["GET"]}}],"collection":[{"href":"https:\/\/lyceeidiomas.com\/fr\/wp-json\/wp\/v2\/pages"}],"about":[{"href":"https:\/\/lyceeidiomas.com\/fr\/wp-json\/wp\/v2\/types\/page"}],"author":[{"embeddable":true,"href":"https:\/\/lyceeidiomas.com\/fr\/wp-json\/wp\/v2\/users\/1"}],"replies":[{"embeddable":true,"href":"https:\/\/lyceeidiomas.com\/fr\/wp-json\/wp\/v2\/comments?post=363"}],"version-history":[{"count":4,"href":"https:\/\/lyceeidiomas.com\/fr\/wp-json\/wp\/v2\/pages\/363\/revisions"}],"predecessor-version":[{"id":924,"href":"https:\/\/lyceeidiomas.com\/fr\/wp-json\/wp\/v2\/pages\/363\/revisions\/924"}],"wp:attachment":[{"href":"https:\/\/lyceeidiomas.com\/fr\/wp-json\/wp\/v2\/media?parent=363"}],"curies":[{"name":"wp","href":"https:\/\/api.w.org\/{rel}","templated":true}]}}