{"id":827,"date":"2025-08-05T11:43:04","date_gmt":"2025-08-05T10:43:04","guid":{"rendered":"https:\/\/lyceeidiomas.com\/videos\/"},"modified":"2025-08-08T08:19:15","modified_gmt":"2025-08-08T07:19:15","slug":"videos","status":"publish","type":"page","link":"https:\/\/lyceeidiomas.com\/es\/videos\/","title":{"rendered":"Videos"},"content":{"rendered":"\t\t<div data-elementor-type=\"wp-page\" data-elementor-id=\"827\" class=\"elementor elementor-827 elementor-816\" data-elementor-settings=\"{&quot;ha_cmc_init_switcher&quot;:&quot;no&quot;}\" data-elementor-post-type=\"page\">\n\t\t\t\t<div class=\"elementor-element elementor-element-013701b e-flex e-con-boxed e-con e-parent\" data-id=\"013701b\" data-element_type=\"container\" data-settings=\"{&quot;_ha_eqh_enable&quot;:false}\">\n\t\t\t\t\t<div class=\"e-con-inner\">\n\t\t\t\t<div class=\"elementor-element elementor-element-378cbcb elementor-widget elementor-widget-heading\" data-id=\"378cbcb\" data-element_type=\"widget\" data-widget_type=\"heading.default\">\n\t\t\t\t<div class=\"elementor-widget-container\">\n\t\t\t\t\t<h2 class=\"elementor-heading-title elementor-size-default\">\u00daltimos v\u00eddeos<\/h2>\t\t\t\t<\/div>\n\t\t\t\t<\/div>\n\t\t\t\t\t<\/div>\n\t\t\t\t<\/div>\n\t\t<div class=\"elementor-element elementor-element-124dfc9 e-grid e-con-boxed e-con e-parent\" data-id=\"124dfc9\" data-element_type=\"container\" data-settings=\"{&quot;_ha_eqh_enable&quot;:false}\">\n\t\t\t\t\t<div class=\"e-con-inner\">\n\t\t\t\t<div class=\"elementor-element elementor-element-acecd9c elementor-widget elementor-widget-video\" data-id=\"acecd9c\" data-element_type=\"widget\" data-settings=\"{&quot;video_type&quot;:&quot;hosted&quot;,&quot;mute&quot;:&quot;yes&quot;,&quot;controls&quot;:&quot;yes&quot;}\" data-widget_type=\"video.default\">\n\t\t\t\t<div class=\"elementor-widget-container\">\n\t\t\t\t\t\t\t<div class=\"e-hosted-video elementor-wrapper elementor-open-inline\">\n\t\t\t\t\t<video class=\"elementor-video\" src=\"https:\/\/lyceeidiomas.com\/wp-content\/uploads\/2025\/06\/Lycee_Video-Promo-Sept-2024.mp4\" controls=\"\" preload=\"metadata\" muted=\"muted\" controlsList=\"nodownload\"><\/video>\n\t\t\t\t<\/div>\n\t\t\t\t\t\t<\/div>\n\t\t\t\t<\/div>\n\t\t\t\t\t<\/div>\n\t\t\t\t<\/div>\n\t\t<div class=\"elementor-element elementor-element-0d3586d e-flex e-con-boxed e-con e-parent\" data-id=\"0d3586d\" data-element_type=\"container\" data-settings=\"{&quot;_ha_eqh_enable&quot;:false}\">\n\t\t\t\t\t<div class=\"e-con-inner\">\n\t\t\t\t\t<\/div>\n\t\t\t\t<\/div>\n\t\t<div class=\"elementor-element elementor-element-5bbe866 e-flex e-con-boxed e-con e-parent\" data-id=\"5bbe866\" data-element_type=\"container\" data-settings=\"{&quot;_ha_eqh_enable&quot;:false}\">\n\t\t\t\t\t<div class=\"e-con-inner\">\n\t\t\t\t\t<\/div>\n\t\t\t\t<\/div>\n\t\t\t\t<\/div>\n\t\t","protected":false},"excerpt":{"rendered":"<p>\u00daltimos v\u00eddeos https:\/\/lyceeidiomas.com\/wp-content\/uploads\/2025\/06\/Lycee_Video-Promo-Sept-2024.mp4<\/p>\n","protected":false},"author":1,"featured_media":0,"parent":0,"menu_order":0,"comment_status":"closed","ping_status":"closed","template":"","meta":{"footnotes":""},"class_list":["post-827","page","type-page","status-publish","hentry"],"yoast_head":"<!-- This site is optimized with the Yoast SEO plugin v27.4 - https:\/\/yoast.com\/product\/yoast-seo-wordpress\/ -->\n<title>Videos - LYC\u00c9E Idiomas<\/title>\n<meta name=\"robots\" content=\"index, follow, max-snippet:-1, max-image-preview:large, max-video-preview:-1\" \/>\n<link rel=\"canonical\" href=\"https:\/\/lyceeidiomas.com\/es\/videos\/\" \/>\n<meta property=\"og:locale\" content=\"es_ES\" \/>\n<meta property=\"og:type\" content=\"article\" \/>\n<meta property=\"og:title\" content=\"Videos - LYC\u00c9E Idiomas\" \/>\n<meta property=\"og:description\" content=\"\u00daltimos v\u00eddeos https:\/\/lyceeidiomas.com\/wp-content\/uploads\/2025\/06\/Lycee_Video-Promo-Sept-2024.mp4\" \/>\n<meta property=\"og:url\" content=\"https:\/\/lyceeidiomas.com\/es\/videos\/\" \/>\n<meta property=\"og:site_name\" content=\"LYC\u00c9E Idiomas\" \/>\n<meta property=\"article:modified_time\" content=\"2025-08-08T07:19:15+00:00\" \/>\n<meta name=\"twitter:card\" content=\"summary_large_image\" \/>\n<script type=\"application\/ld+json\" class=\"yoast-schema-graph\">{\"@context\":\"https:\\\/\\\/schema.org\",\"@graph\":[{\"@type\":\"WebPage\",\"@id\":\"https:\\\/\\\/lyceeidiomas.com\\\/es\\\/videos\\\/\",\"url\":\"https:\\\/\\\/lyceeidiomas.com\\\/es\\\/videos\\\/\",\"name\":\"Videos - LYC\u00c9E Idiomas\",\"isPartOf\":{\"@id\":\"https:\\\/\\\/lyceeidiomas.com\\\/#website\"},\"datePublished\":\"2025-08-05T10:43:04+00:00\",\"dateModified\":\"2025-08-08T07:19:15+00:00\",\"breadcrumb\":{\"@id\":\"https:\\\/\\\/lyceeidiomas.com\\\/es\\\/videos\\\/#breadcrumb\"},\"inLanguage\":\"es\",\"potentialAction\":[{\"@type\":\"ReadAction\",\"target\":[\"https:\\\/\\\/lyceeidiomas.com\\\/es\\\/videos\\\/\"]}]},{\"@type\":\"BreadcrumbList\",\"@id\":\"https:\\\/\\\/lyceeidiomas.com\\\/es\\\/videos\\\/#breadcrumb\",\"itemListElement\":[{\"@type\":\"ListItem\",\"position\":1,\"name\":\"Inici\",\"item\":\"https:\\\/\\\/lyceeidiomas.com\\\/es\\\/inicio\\\/\"},{\"@type\":\"ListItem\",\"position\":2,\"name\":\"Videos\"}]},{\"@type\":\"WebSite\",\"@id\":\"https:\\\/\\\/lyceeidiomas.com\\\/#website\",\"url\":\"https:\\\/\\\/lyceeidiomas.com\\\/\",\"name\":\"LYC\u00c9E Idiomas\",\"description\":\"Escola d&#039;idiomes i Formaci\u00f3\",\"publisher\":{\"@id\":\"https:\\\/\\\/lyceeidiomas.com\\\/#organization\"},\"potentialAction\":[{\"@type\":\"SearchAction\",\"target\":{\"@type\":\"EntryPoint\",\"urlTemplate\":\"https:\\\/\\\/lyceeidiomas.com\\\/?s={search_term_string}\"},\"query-input\":{\"@type\":\"PropertyValueSpecification\",\"valueRequired\":true,\"valueName\":\"search_term_string\"}}],\"inLanguage\":\"es\"},{\"@type\":\"Organization\",\"@id\":\"https:\\\/\\\/lyceeidiomas.com\\\/#organization\",\"name\":\"LYC\u00c9E Idiomas\",\"url\":\"https:\\\/\\\/lyceeidiomas.com\\\/\",\"logo\":{\"@type\":\"ImageObject\",\"inLanguage\":\"es\",\"@id\":\"https:\\\/\\\/lyceeidiomas.com\\\/#\\\/schema\\\/logo\\\/image\\\/\",\"url\":\"https:\\\/\\\/lyceeidiomas.com\\\/wp-content\\\/uploads\\\/2025\\\/03\\\/Logo-LYCEEIDIOMAS-Photoroom-1.webp\",\"contentUrl\":\"https:\\\/\\\/lyceeidiomas.com\\\/wp-content\\\/uploads\\\/2025\\\/03\\\/Logo-LYCEEIDIOMAS-Photoroom-1.webp\",\"width\":876,\"height\":1202,\"caption\":\"LYC\u00c9E Idiomas\"},\"image\":{\"@id\":\"https:\\\/\\\/lyceeidiomas.com\\\/#\\\/schema\\\/logo\\\/image\\\/\"}}]}<\/script>\n<!-- \/ Yoast SEO plugin. -->","yoast_head_json":{"title":"Videos - LYC\u00c9E Idiomas","robots":{"index":"index","follow":"follow","max-snippet":"max-snippet:-1","max-image-preview":"max-image-preview:large","max-video-preview":"max-video-preview:-1"},"canonical":"https:\/\/lyceeidiomas.com\/es\/videos\/","og_locale":"es_ES","og_type":"article","og_title":"Videos - LYC\u00c9E Idiomas","og_description":"\u00daltimos v\u00eddeos https:\/\/lyceeidiomas.com\/wp-content\/uploads\/2025\/06\/Lycee_Video-Promo-Sept-2024.mp4","og_url":"https:\/\/lyceeidiomas.com\/es\/videos\/","og_site_name":"LYC\u00c9E Idiomas","article_modified_time":"2025-08-08T07:19:15+00:00","twitter_card":"summary_large_image","schema":{"@context":"https:\/\/schema.org","@graph":[{"@type":"WebPage","@id":"https:\/\/lyceeidiomas.com\/es\/videos\/","url":"https:\/\/lyceeidiomas.com\/es\/videos\/","name":"Videos - LYC\u00c9E Idiomas","isPartOf":{"@id":"https:\/\/lyceeidiomas.com\/#website"},"datePublished":"2025-08-05T10:43:04+00:00","dateModified":"2025-08-08T07:19:15+00:00","breadcrumb":{"@id":"https:\/\/lyceeidiomas.com\/es\/videos\/#breadcrumb"},"inLanguage":"es","potentialAction":[{"@type":"ReadAction","target":["https:\/\/lyceeidiomas.com\/es\/videos\/"]}]},{"@type":"BreadcrumbList","@id":"https:\/\/lyceeidiomas.com\/es\/videos\/#breadcrumb","itemListElement":[{"@type":"ListItem","position":1,"name":"Inici","item":"https:\/\/lyceeidiomas.com\/es\/inicio\/"},{"@type":"ListItem","position":2,"name":"Videos"}]},{"@type":"WebSite","@id":"https:\/\/lyceeidiomas.com\/#website","url":"https:\/\/lyceeidiomas.com\/","name":"LYC\u00c9E Idiomas","description":"Escola d&#039;idiomes i Formaci\u00f3","publisher":{"@id":"https:\/\/lyceeidiomas.com\/#organization"},"potentialAction":[{"@type":"SearchAction","target":{"@type":"EntryPoint","urlTemplate":"https:\/\/lyceeidiomas.com\/?s={search_term_string}"},"query-input":{"@type":"PropertyValueSpecification","valueRequired":true,"valueName":"search_term_string"}}],"inLanguage":"es"},{"@type":"Organization","@id":"https:\/\/lyceeidiomas.com\/#organization","name":"LYC\u00c9E Idiomas","url":"https:\/\/lyceeidiomas.com\/","logo":{"@type":"ImageObject","inLanguage":"es","@id":"https:\/\/lyceeidiomas.com\/#\/schema\/logo\/image\/","url":"https:\/\/lyceeidiomas.com\/wp-content\/uploads\/2025\/03\/Logo-LYCEEIDIOMAS-Photoroom-1.webp","contentUrl":"https:\/\/lyceeidiomas.com\/wp-content\/uploads\/2025\/03\/Logo-LYCEEIDIOMAS-Photoroom-1.webp","width":876,"height":1202,"caption":"LYC\u00c9E Idiomas"},"image":{"@id":"https:\/\/lyceeidiomas.com\/#\/schema\/logo\/image\/"}}]}},"_links":{"self":[{"href":"https:\/\/lyceeidiomas.com\/es\/wp-json\/wp\/v2\/pages\/827","targetHints":{"allow":["GET"]}}],"collection":[{"href":"https:\/\/lyceeidiomas.com\/es\/wp-json\/wp\/v2\/pages"}],"about":[{"href":"https:\/\/lyceeidiomas.com\/es\/wp-json\/wp\/v2\/types\/page"}],"author":[{"embeddable":true,"href":"https:\/\/lyceeidiomas.com\/es\/wp-json\/wp\/v2\/users\/1"}],"replies":[{"embeddable":true,"href":"https:\/\/lyceeidiomas.com\/es\/wp-json\/wp\/v2\/comments?post=827"}],"version-history":[{"count":2,"href":"https:\/\/lyceeidiomas.com\/es\/wp-json\/wp\/v2\/pages\/827\/revisions"}],"predecessor-version":[{"id":1060,"href":"https:\/\/lyceeidiomas.com\/es\/wp-json\/wp\/v2\/pages\/827\/revisions\/1060"}],"wp:attachment":[{"href":"https:\/\/lyceeidiomas.com\/es\/wp-json\/wp\/v2\/media?parent=827"}],"curies":[{"name":"wp","href":"https:\/\/api.w.org\/{rel}","templated":true}]}}