{"id":370,"date":"2025-04-04T13:00:37","date_gmt":"2025-04-04T12:00:37","guid":{"rendered":"https:\/\/lyceeidiomas.com\/quienes-somos\/"},"modified":"2025-08-07T12:56:47","modified_gmt":"2025-08-07T11:56:47","slug":"quienes-somos","status":"publish","type":"page","link":"https:\/\/lyceeidiomas.com\/es\/quienes-somos\/","title":{"rendered":"\u00bfQui\u00e9nes Somos?"},"content":{"rendered":"\t\t<div data-elementor-type=\"wp-page\" data-elementor-id=\"370\" class=\"elementor elementor-370 elementor-328\" data-elementor-settings=\"{&quot;ha_cmc_init_switcher&quot;:&quot;no&quot;}\" data-elementor-post-type=\"page\">\n\t\t\t\t<div class=\"elementor-element elementor-element-a80bbad e-flex e-con-boxed e-con e-parent\" data-id=\"a80bbad\" data-element_type=\"container\" data-settings=\"{&quot;_ha_eqh_enable&quot;:false}\">\n\t\t\t\t\t<div class=\"e-con-inner\">\n\t\t\t\t<div class=\"elementor-element elementor-element-ea13035 elementor-widget elementor-widget-heading\" data-id=\"ea13035\" data-element_type=\"widget\" data-widget_type=\"heading.default\">\n\t\t\t\t<div class=\"elementor-widget-container\">\n\t\t\t\t\t<h1 class=\"elementor-heading-title elementor-size-default\">\u00bfQui\u00e9nes somos?<\/h1>\t\t\t\t<\/div>\n\t\t\t\t<\/div>\n\t\t\t\t<div class=\"elementor-element elementor-element-f67be6c elementor-widget elementor-widget-text-editor\" data-id=\"f67be6c\" data-element_type=\"widget\" data-widget_type=\"text-editor.default\">\n\t\t\t\t<div class=\"elementor-widget-container\">\n\t\t\t\t\t\t\t\t\t<p>En Lycee Idiomas somos una instituci\u00f3n educativa comprometida con la excelencia en la ense\u00f1anza de idiomas. Nuestra pasi\u00f3n es ayudar a nuestros estudiantes a comunicarse con fluidez en distintas lenguas.<\/p>\t\t\t\t\t\t\t\t<\/div>\n\t\t\t\t<\/div>\n\t\t<div class=\"elementor-element elementor-element-5ba36f3 e-con-full e-flex e-con e-child\" data-id=\"5ba36f3\" data-element_type=\"container\" data-settings=\"{&quot;_ha_eqh_enable&quot;:false}\">\n\t\t\t\t<div class=\"elementor-element elementor-element-fc5bfad elementor-view-stacked elementor-widget__width-initial elementor-widget-tablet__width-initial elementor-widget-mobile__width-inherit elementor-shape-circle elementor-position-top elementor-mobile-position-top elementor-widget elementor-widget-icon-box\" data-id=\"fc5bfad\" data-element_type=\"widget\" data-widget_type=\"icon-box.default\">\n\t\t\t\t<div class=\"elementor-widget-container\">\n\t\t\t\t\t\t\t<div class=\"elementor-icon-box-wrapper\">\n\n\t\t\t\t\t\t<div class=\"elementor-icon-box-icon\">\n\t\t\t\t<span  class=\"elementor-icon\">\n\t\t\t\t<svg aria-hidden=\"true\" class=\"e-font-icon-svg e-fas-book-open\" viewBox=\"0 0 576 512\" xmlns=\"http:\/\/www.w3.org\/2000\/svg\"><path d=\"M542.22 32.05c-54.8 3.11-163.72 14.43-230.96 55.59-4.64 2.84-7.27 7.89-7.27 13.17v363.87c0 11.55 12.63 18.85 23.28 13.49 69.18-34.82 169.23-44.32 218.7-46.92 16.89-.89 30.02-14.43 30.02-30.66V62.75c.01-17.71-15.35-31.74-33.77-30.7zM264.73 87.64C197.5 46.48 88.58 35.17 33.78 32.05 15.36 31.01 0 45.04 0 62.75V400.6c0 16.24 13.13 29.78 30.02 30.66 49.49 2.6 149.59 12.11 218.77 46.95 10.62 5.35 23.21-1.94 23.21-13.46V100.63c0-5.29-2.62-10.14-7.27-12.99z\"><\/path><\/svg>\t\t\t\t<\/span>\n\t\t\t<\/div>\n\t\t\t\n\t\t\t\t\t\t<div class=\"elementor-icon-box-content\">\n\n\t\t\t\t\t\t\t\t\t<h3 class=\"elementor-icon-box-title\">\n\t\t\t\t\t\t<span  >\n\t\t\t\t\t\t\tNuestra Misi\u00f3n\t\t\t\t\t\t<\/span>\n\t\t\t\t\t<\/h3>\n\t\t\t\t\n\t\t\t\t\t\t\t\t\t<p class=\"elementor-icon-box-description\">\n\t\t\t\t\t\tProporcionar una educaci\u00f3n ling\u00fc\u00edstica de alta calidad que promueva el multiling\u00fcismo y el entendimiento cultural en un ambiente de aprendizaje din\u00e1mico y personalizado.\t\t\t\t\t<\/p>\n\t\t\t\t\n\t\t\t<\/div>\n\t\t\t\n\t\t<\/div>\n\t\t\t\t\t\t<\/div>\n\t\t\t\t<\/div>\n\t\t\t\t<div class=\"elementor-element elementor-element-e2cb6b8 elementor-view-framed elementor-widget__width-initial elementor-widget-tablet__width-initial elementor-widget-mobile__width-inherit elementor-shape-circle elementor-position-top elementor-mobile-position-top elementor-widget elementor-widget-icon-box\" data-id=\"e2cb6b8\" data-element_type=\"widget\" data-widget_type=\"icon-box.default\">\n\t\t\t\t<div class=\"elementor-widget-container\">\n\t\t\t\t\t\t\t<div class=\"elementor-icon-box-wrapper\">\n\n\t\t\t\t\t\t<div class=\"elementor-icon-box-icon\">\n\t\t\t\t<span  class=\"elementor-icon\">\n\t\t\t\t<svg aria-hidden=\"true\" class=\"e-font-icon-svg e-fas-bullseye\" viewBox=\"0 0 496 512\" xmlns=\"http:\/\/www.w3.org\/2000\/svg\"><path d=\"M248 8C111.03 8 0 119.03 0 256s111.03 248 248 248 248-111.03 248-248S384.97 8 248 8zm0 432c-101.69 0-184-82.29-184-184 0-101.69 82.29-184 184-184 101.69 0 184 82.29 184 184 0 101.69-82.29 184-184 184zm0-312c-70.69 0-128 57.31-128 128s57.31 128 128 128 128-57.31 128-128-57.31-128-128-128zm0 192c-35.29 0-64-28.71-64-64s28.71-64 64-64 64 28.71 64 64-28.71 64-64 64z\"><\/path><\/svg>\t\t\t\t<\/span>\n\t\t\t<\/div>\n\t\t\t\n\t\t\t\t\t\t<div class=\"elementor-icon-box-content\">\n\n\t\t\t\t\t\t\t\t\t<h3 class=\"elementor-icon-box-title\">\n\t\t\t\t\t\t<span  >\n\t\t\t\t\t\t\tNuestra Visi\u00f3n\t\t\t\t\t\t<\/span>\n\t\t\t\t\t<\/h3>\n\t\t\t\t\n\t\t\t\t\t\t\t\t\t<p class=\"elementor-icon-box-description\">\n\t\t\t\t\t\tSer reconocidos como l\u00edderes en la ense\u00f1anza de idiomas, inspirando a nuestros estudiantes a alcanzar sus objetivos ling\u00fc\u00edsticos y profesionales, y contribuyendo a un mundo m\u00e1s conectado.\t\t\t\t\t<\/p>\n\t\t\t\t\n\t\t\t<\/div>\n\t\t\t\n\t\t<\/div>\n\t\t\t\t\t\t<\/div>\n\t\t\t\t<\/div>\n\t\t\t\t<div class=\"elementor-element elementor-element-9626ddf elementor-view-framed elementor-widget__width-initial elementor-widget-tablet__width-initial elementor-widget-mobile__width-inherit elementor-shape-circle elementor-position-top elementor-mobile-position-top elementor-widget elementor-widget-icon-box\" data-id=\"9626ddf\" data-element_type=\"widget\" data-widget_type=\"icon-box.default\">\n\t\t\t\t<div class=\"elementor-widget-container\">\n\t\t\t\t\t\t\t<div class=\"elementor-icon-box-wrapper\">\n\n\t\t\t\t\t\t<div class=\"elementor-icon-box-icon\">\n\t\t\t\t<span  class=\"elementor-icon\">\n\t\t\t\t<svg aria-hidden=\"true\" class=\"e-font-icon-svg e-fas-medal\" viewBox=\"0 0 512 512\" xmlns=\"http:\/\/www.w3.org\/2000\/svg\"><path d=\"M223.75 130.75L154.62 15.54A31.997 31.997 0 0 0 127.18 0H16.03C3.08 0-4.5 14.57 2.92 25.18l111.27 158.96c29.72-27.77 67.52-46.83 109.56-53.39zM495.97 0H384.82c-11.24 0-21.66 5.9-27.44 15.54l-69.13 115.21c42.04 6.56 79.84 25.62 109.56 53.38L509.08 25.18C516.5 14.57 508.92 0 495.97 0zM256 160c-97.2 0-176 78.8-176 176s78.8 176 176 176 176-78.8 176-176-78.8-176-176-176zm92.52 157.26l-37.93 36.96 8.97 52.22c1.6 9.36-8.26 16.51-16.65 12.09L256 393.88l-46.9 24.65c-8.4 4.45-18.25-2.74-16.65-12.09l8.97-52.22-37.93-36.96c-6.82-6.64-3.05-18.23 6.35-19.59l52.43-7.64 23.43-47.52c2.11-4.28 6.19-6.39 10.28-6.39 4.11 0 8.22 2.14 10.33 6.39l23.43 47.52 52.43 7.64c9.4 1.36 13.17 12.95 6.35 19.59z\"><\/path><\/svg>\t\t\t\t<\/span>\n\t\t\t<\/div>\n\t\t\t\n\t\t\t\t\t\t<div class=\"elementor-icon-box-content\">\n\n\t\t\t\t\t\t\t\t\t<h3 class=\"elementor-icon-box-title\">\n\t\t\t\t\t\t<span  >\n\t\t\t\t\t\t\tNuestro Compromiso\t\t\t\t\t\t<\/span>\n\t\t\t\t\t<\/h3>\n\t\t\t\t\n\t\t\t\t\t\t\t\t\t<p class=\"elementor-icon-box-description\">\n\t\t\t\t\t\tNos comprometemos a ofrecer m\u00e9todos innovadores de ense\u00f1anza, profesores cualificados y un ambiente acogedor para que todos nuestros estudiantes lleguen a la fluidez en el idioma que usted elija.\t\t\t\t\t<\/p>\n\t\t\t\t\n\t\t\t<\/div>\n\t\t\t\n\t\t<\/div>\n\t\t\t\t\t\t<\/div>\n\t\t\t\t<\/div>\n\t\t\t\t<\/div>\n\t\t\t\t\t<\/div>\n\t\t\t\t<\/div>\n\t\t<div class=\"elementor-element elementor-element-fccde87 e-con-full e-flex e-con e-parent\" data-id=\"fccde87\" data-element_type=\"container\" data-settings=\"{&quot;_ha_eqh_enable&quot;:false}\">\n\t\t\t\t<div class=\"elementor-element elementor-element-d16e446 elementor-widget elementor-widget-heading\" data-id=\"d16e446\" data-element_type=\"widget\" data-widget_type=\"heading.default\">\n\t\t\t\t<div class=\"elementor-widget-container\">\n\t\t\t\t\t<h2 class=\"elementor-heading-title elementor-size-default\">Nuestro equipo<\/h2>\t\t\t\t<\/div>\n\t\t\t\t<\/div>\n\t\t\t\t<div class=\"elementor-element elementor-element-93b14a7 elementor-widget elementor-widget-text-editor\" data-id=\"93b14a7\" data-element_type=\"widget\" data-widget_type=\"text-editor.default\">\n\t\t\t\t<div class=\"elementor-widget-container\">\n\t\t\t\t\t\t\t\t\t<p>Conoce a las personas detr\u00e1s de Lycee Idiomas, profesionales apasionados por la ense\u00f1anza y el aprendizaje de idiomas.<\/p>\t\t\t\t\t\t\t\t<\/div>\n\t\t\t\t<\/div>\n\t\t<div class=\"elementor-element elementor-element-ca74b91 e-con-full e-flex e-con e-child\" data-id=\"ca74b91\" data-element_type=\"container\" data-settings=\"{&quot;_ha_eqh_enable&quot;:false}\">\n\t\t<div class=\"elementor-element elementor-element-ae43963 e-con-full e-flex e-con e-child\" data-id=\"ae43963\" data-element_type=\"container\" data-settings=\"{&quot;_ha_eqh_enable&quot;:false}\">\n\t\t\t\t<div class=\"elementor-element elementor-element-2f632bd elementor-widget elementor-widget-image\" data-id=\"2f632bd\" data-element_type=\"widget\" data-widget_type=\"image.default\">\n\t\t\t\t<div class=\"elementor-widget-container\">\n\t\t\t\t\t\t\t\t\t\t\t\t\t\t\t<img fetchpriority=\"high\" decoding=\"async\" width=\"512\" height=\"512\" src=\"https:\/\/lyceeidiomas.com\/wp-content\/uploads\/2025\/07\/cropped-favicon_lyceeidiomas.png\" class=\"attachment-large size-large wp-image-760\" alt=\"\" srcset=\"https:\/\/lyceeidiomas.com\/wp-content\/uploads\/2025\/07\/cropped-favicon_lyceeidiomas.png 512w, https:\/\/lyceeidiomas.com\/wp-content\/uploads\/2025\/07\/cropped-favicon_lyceeidiomas-300x300.png 300w, https:\/\/lyceeidiomas.com\/wp-content\/uploads\/2025\/07\/cropped-favicon_lyceeidiomas-150x150.png 150w, https:\/\/lyceeidiomas.com\/wp-content\/uploads\/2025\/07\/cropped-favicon_lyceeidiomas-270x270.png 270w, https:\/\/lyceeidiomas.com\/wp-content\/uploads\/2025\/07\/cropped-favicon_lyceeidiomas-192x192.png 192w, https:\/\/lyceeidiomas.com\/wp-content\/uploads\/2025\/07\/cropped-favicon_lyceeidiomas-180x180.png 180w, https:\/\/lyceeidiomas.com\/wp-content\/uploads\/2025\/07\/cropped-favicon_lyceeidiomas-32x32.png 32w\" sizes=\"(max-width: 512px) 100vw, 512px\" \/>\t\t\t\t\t\t\t\t\t\t\t\t\t\t\t<\/div>\n\t\t\t\t<\/div>\n\t\t<div class=\"elementor-element elementor-element-f6ff717 e-con-full e-flex e-con e-child\" data-id=\"f6ff717\" data-element_type=\"container\" data-settings=\"{&quot;_ha_eqh_enable&quot;:false}\">\n\t\t\t\t<div class=\"elementor-element elementor-element-c105d38 elementor-widget elementor-widget-heading\" data-id=\"c105d38\" data-element_type=\"widget\" data-widget_type=\"heading.default\">\n\t\t\t\t<div class=\"elementor-widget-container\">\n\t\t\t\t\t<h2 class=\"elementor-heading-title elementor-size-default\">Alexander Sanchez<br> <span style=\"font-size: 20px\">Director General<\/span>\n\n<\/h2>\t\t\t\t<\/div>\n\t\t\t\t<\/div>\n\t\t\t\t<div class=\"elementor-element elementor-element-7934eb2 elementor-widget elementor-widget-text-editor\" data-id=\"7934eb2\" data-element_type=\"widget\" data-widget_type=\"text-editor.default\">\n\t\t\t\t<div class=\"elementor-widget-container\">\n\t\t\t\t\t\t\t\t\t<p>Con m\u00e1s de 15 a\u00f1os de experiencia en la ense\u00f1anza de idiomas, Alexander lidera nuestra instituci\u00f3n con visi\u00f3n y pasi\u00f3n.<\/p>\t\t\t\t\t\t\t\t<\/div>\n\t\t\t\t<\/div>\n\t\t\t\t<\/div>\n\t\t\t\t<\/div>\n\t\t\t\t<\/div>\n\t\t\t\t<\/div>\n\t\t<div class=\"elementor-element elementor-element-9010f21 e-flex e-con-boxed e-con e-parent\" data-id=\"9010f21\" data-element_type=\"container\" data-settings=\"{&quot;background_background&quot;:&quot;gradient&quot;,&quot;_ha_eqh_enable&quot;:false}\">\n\t\t\t\t\t<div class=\"e-con-inner\">\n\t\t\t\t<div class=\"elementor-element elementor-element-c328656 elementor-cta--skin-classic elementor-animated-content elementor-bg-transform elementor-bg-transform-zoom-in elementor-widget elementor-widget-call-to-action\" data-id=\"c328656\" data-element_type=\"widget\" data-widget_type=\"call-to-action.default\">\n\t\t\t\t<div class=\"elementor-widget-container\">\n\t\t\t\t\t\t\t<div class=\"elementor-cta\">\n\t\t\t\t\t\t\t<div class=\"elementor-cta__content\">\n\t\t\t\t\n\t\t\t\t\t\t\t\t\t<h2 class=\"elementor-cta__title elementor-cta__content-item elementor-content-item\">\n\t\t\t\t\t\tCont\u00e1ctanos\t\t\t\t\t<\/h2>\n\t\t\t\t\n\t\t\t\t\t\t\t\t\t<div class=\"elementor-cta__description elementor-cta__content-item elementor-content-item\">\n\t\t\t\t\t\tEstamos aqu\u00ed para responder a tus preguntas y ayudarte a empezar tu viaje ling\u00fc\u00edstico con nosotros.\t\t\t\t\t<\/div>\n\t\t\t\t\n\t\t\t\t\t\t\t\t\t<div class=\"elementor-cta__button-wrapper elementor-cta__content-item elementor-content-item \">\n\t\t\t\t\t<a class=\"elementor-cta__button elementor-button elementor-size-\" href=\"https:\/\/lyceeidiomas.com\/contacte\/\">\n\t\t\t\t\t\tContacto\t\t\t\t\t<\/a>\n\t\t\t\t\t<\/div>\n\t\t\t\t\t\t\t<\/div>\n\t\t\t\t\t\t<\/div>\n\t\t\t\t\t\t<\/div>\n\t\t\t\t<\/div>\n\t\t\t\t\t<\/div>\n\t\t\t\t<\/div>\n\t\t\t\t<\/div>\n\t\t","protected":false},"excerpt":{"rendered":"<p>\u00bfQui\u00e9nes somos? En Lycee Idiomas somos una instituci\u00f3n educativa comprometida con la excelencia en la ense\u00f1anza de idiomas. Nuestra pasi\u00f3n es ayudar a nuestros estudiantes a comunicarse con fluidez en distintas lenguas. Nuestra Misi\u00f3n Proporcionar una educaci\u00f3n ling\u00fc\u00edstica de alta calidad que promueva el multiling\u00fcismo y el entendimiento cultural en un ambiente de aprendizaje din\u00e1mico [&hellip;]<\/p>\n","protected":false},"author":1,"featured_media":0,"parent":0,"menu_order":0,"comment_status":"closed","ping_status":"closed","template":"","meta":{"footnotes":""},"class_list":["post-370","page","type-page","status-publish","hentry"],"yoast_head":"<!-- This site is optimized with the Yoast SEO plugin v27.4 - https:\/\/yoast.com\/product\/yoast-seo-wordpress\/ -->\n<title>\u00bfQui\u00e9nes Somos? - LYC\u00c9E Idiomas<\/title>\n<meta name=\"robots\" content=\"index, follow, max-snippet:-1, max-image-preview:large, max-video-preview:-1\" \/>\n<link rel=\"canonical\" href=\"https:\/\/lyceeidiomas.com\/es\/quienes-somos\/\" \/>\n<meta property=\"og:locale\" content=\"es_ES\" \/>\n<meta property=\"og:type\" content=\"article\" \/>\n<meta property=\"og:title\" content=\"\u00bfQui\u00e9nes Somos? - LYC\u00c9E Idiomas\" \/>\n<meta property=\"og:description\" content=\"\u00bfQui\u00e9nes somos? En Lycee Idiomas somos una instituci\u00f3n educativa comprometida con la excelencia en la ense\u00f1anza de idiomas. Nuestra pasi\u00f3n es ayudar a nuestros estudiantes a comunicarse con fluidez en distintas lenguas. Nuestra Misi\u00f3n Proporcionar una educaci\u00f3n ling\u00fc\u00edstica de alta calidad que promueva el multiling\u00fcismo y el entendimiento cultural en un ambiente de aprendizaje din\u00e1mico [&hellip;]\" \/>\n<meta property=\"og:url\" content=\"https:\/\/lyceeidiomas.com\/es\/quienes-somos\/\" \/>\n<meta property=\"og:site_name\" content=\"LYC\u00c9E Idiomas\" \/>\n<meta property=\"article:modified_time\" content=\"2025-08-07T11:56:47+00:00\" \/>\n<meta property=\"og:image\" content=\"https:\/\/lyceeidiomas.com\/wp-content\/uploads\/2025\/07\/cropped-favicon_lyceeidiomas.png\" \/>\n\t<meta property=\"og:image:width\" content=\"512\" \/>\n\t<meta property=\"og:image:height\" content=\"512\" \/>\n\t<meta property=\"og:image:type\" content=\"image\/png\" \/>\n<meta name=\"twitter:card\" content=\"summary_large_image\" \/>\n<meta name=\"twitter:label1\" content=\"Tiempo de lectura\" \/>\n\t<meta name=\"twitter:data1\" content=\"1 minuto\" \/>\n<script type=\"application\/ld+json\" class=\"yoast-schema-graph\">{\"@context\":\"https:\\\/\\\/schema.org\",\"@graph\":[{\"@type\":\"WebPage\",\"@id\":\"https:\\\/\\\/lyceeidiomas.com\\\/es\\\/quienes-somos\\\/\",\"url\":\"https:\\\/\\\/lyceeidiomas.com\\\/es\\\/quienes-somos\\\/\",\"name\":\"\u00bfQui\u00e9nes Somos? - LYC\u00c9E Idiomas\",\"isPartOf\":{\"@id\":\"https:\\\/\\\/lyceeidiomas.com\\\/#website\"},\"primaryImageOfPage\":{\"@id\":\"https:\\\/\\\/lyceeidiomas.com\\\/es\\\/quienes-somos\\\/#primaryimage\"},\"image\":{\"@id\":\"https:\\\/\\\/lyceeidiomas.com\\\/es\\\/quienes-somos\\\/#primaryimage\"},\"thumbnailUrl\":\"https:\\\/\\\/lyceeidiomas.com\\\/wp-content\\\/uploads\\\/2025\\\/07\\\/cropped-favicon_lyceeidiomas.png\",\"datePublished\":\"2025-04-04T12:00:37+00:00\",\"dateModified\":\"2025-08-07T11:56:47+00:00\",\"breadcrumb\":{\"@id\":\"https:\\\/\\\/lyceeidiomas.com\\\/es\\\/quienes-somos\\\/#breadcrumb\"},\"inLanguage\":\"es\",\"potentialAction\":[{\"@type\":\"ReadAction\",\"target\":[\"https:\\\/\\\/lyceeidiomas.com\\\/es\\\/quienes-somos\\\/\"]}]},{\"@type\":\"ImageObject\",\"inLanguage\":\"es\",\"@id\":\"https:\\\/\\\/lyceeidiomas.com\\\/es\\\/quienes-somos\\\/#primaryimage\",\"url\":\"https:\\\/\\\/lyceeidiomas.com\\\/wp-content\\\/uploads\\\/2025\\\/07\\\/cropped-favicon_lyceeidiomas.png\",\"contentUrl\":\"https:\\\/\\\/lyceeidiomas.com\\\/wp-content\\\/uploads\\\/2025\\\/07\\\/cropped-favicon_lyceeidiomas.png\"},{\"@type\":\"BreadcrumbList\",\"@id\":\"https:\\\/\\\/lyceeidiomas.com\\\/es\\\/quienes-somos\\\/#breadcrumb\",\"itemListElement\":[{\"@type\":\"ListItem\",\"position\":1,\"name\":\"Inici\",\"item\":\"https:\\\/\\\/lyceeidiomas.com\\\/es\\\/inicio\\\/\"},{\"@type\":\"ListItem\",\"position\":2,\"name\":\"\u00bfQui\u00e9nes Somos?\"}]},{\"@type\":\"WebSite\",\"@id\":\"https:\\\/\\\/lyceeidiomas.com\\\/#website\",\"url\":\"https:\\\/\\\/lyceeidiomas.com\\\/\",\"name\":\"LYC\u00c9E Idiomas\",\"description\":\"Escola d&#039;idiomes i Formaci\u00f3\",\"publisher\":{\"@id\":\"https:\\\/\\\/lyceeidiomas.com\\\/#organization\"},\"potentialAction\":[{\"@type\":\"SearchAction\",\"target\":{\"@type\":\"EntryPoint\",\"urlTemplate\":\"https:\\\/\\\/lyceeidiomas.com\\\/?s={search_term_string}\"},\"query-input\":{\"@type\":\"PropertyValueSpecification\",\"valueRequired\":true,\"valueName\":\"search_term_string\"}}],\"inLanguage\":\"es\"},{\"@type\":\"Organization\",\"@id\":\"https:\\\/\\\/lyceeidiomas.com\\\/#organization\",\"name\":\"LYC\u00c9E Idiomas\",\"url\":\"https:\\\/\\\/lyceeidiomas.com\\\/\",\"logo\":{\"@type\":\"ImageObject\",\"inLanguage\":\"es\",\"@id\":\"https:\\\/\\\/lyceeidiomas.com\\\/#\\\/schema\\\/logo\\\/image\\\/\",\"url\":\"https:\\\/\\\/lyceeidiomas.com\\\/wp-content\\\/uploads\\\/2025\\\/03\\\/Logo-LYCEEIDIOMAS-Photoroom-1.webp\",\"contentUrl\":\"https:\\\/\\\/lyceeidiomas.com\\\/wp-content\\\/uploads\\\/2025\\\/03\\\/Logo-LYCEEIDIOMAS-Photoroom-1.webp\",\"width\":876,\"height\":1202,\"caption\":\"LYC\u00c9E Idiomas\"},\"image\":{\"@id\":\"https:\\\/\\\/lyceeidiomas.com\\\/#\\\/schema\\\/logo\\\/image\\\/\"}}]}<\/script>\n<!-- \/ Yoast SEO plugin. -->","yoast_head_json":{"title":"\u00bfQui\u00e9nes Somos? - LYC\u00c9E Idiomas","robots":{"index":"index","follow":"follow","max-snippet":"max-snippet:-1","max-image-preview":"max-image-preview:large","max-video-preview":"max-video-preview:-1"},"canonical":"https:\/\/lyceeidiomas.com\/es\/quienes-somos\/","og_locale":"es_ES","og_type":"article","og_title":"\u00bfQui\u00e9nes Somos? - LYC\u00c9E Idiomas","og_description":"\u00bfQui\u00e9nes somos? En Lycee Idiomas somos una instituci\u00f3n educativa comprometida con la excelencia en la ense\u00f1anza de idiomas. Nuestra pasi\u00f3n es ayudar a nuestros estudiantes a comunicarse con fluidez en distintas lenguas. Nuestra Misi\u00f3n Proporcionar una educaci\u00f3n ling\u00fc\u00edstica de alta calidad que promueva el multiling\u00fcismo y el entendimiento cultural en un ambiente de aprendizaje din\u00e1mico [&hellip;]","og_url":"https:\/\/lyceeidiomas.com\/es\/quienes-somos\/","og_site_name":"LYC\u00c9E Idiomas","article_modified_time":"2025-08-07T11:56:47+00:00","og_image":[{"width":512,"height":512,"url":"https:\/\/lyceeidiomas.com\/wp-content\/uploads\/2025\/07\/cropped-favicon_lyceeidiomas.png","type":"image\/png"}],"twitter_card":"summary_large_image","twitter_misc":{"Tiempo de lectura":"1 minuto"},"schema":{"@context":"https:\/\/schema.org","@graph":[{"@type":"WebPage","@id":"https:\/\/lyceeidiomas.com\/es\/quienes-somos\/","url":"https:\/\/lyceeidiomas.com\/es\/quienes-somos\/","name":"\u00bfQui\u00e9nes Somos? - LYC\u00c9E Idiomas","isPartOf":{"@id":"https:\/\/lyceeidiomas.com\/#website"},"primaryImageOfPage":{"@id":"https:\/\/lyceeidiomas.com\/es\/quienes-somos\/#primaryimage"},"image":{"@id":"https:\/\/lyceeidiomas.com\/es\/quienes-somos\/#primaryimage"},"thumbnailUrl":"https:\/\/lyceeidiomas.com\/wp-content\/uploads\/2025\/07\/cropped-favicon_lyceeidiomas.png","datePublished":"2025-04-04T12:00:37+00:00","dateModified":"2025-08-07T11:56:47+00:00","breadcrumb":{"@id":"https:\/\/lyceeidiomas.com\/es\/quienes-somos\/#breadcrumb"},"inLanguage":"es","potentialAction":[{"@type":"ReadAction","target":["https:\/\/lyceeidiomas.com\/es\/quienes-somos\/"]}]},{"@type":"ImageObject","inLanguage":"es","@id":"https:\/\/lyceeidiomas.com\/es\/quienes-somos\/#primaryimage","url":"https:\/\/lyceeidiomas.com\/wp-content\/uploads\/2025\/07\/cropped-favicon_lyceeidiomas.png","contentUrl":"https:\/\/lyceeidiomas.com\/wp-content\/uploads\/2025\/07\/cropped-favicon_lyceeidiomas.png"},{"@type":"BreadcrumbList","@id":"https:\/\/lyceeidiomas.com\/es\/quienes-somos\/#breadcrumb","itemListElement":[{"@type":"ListItem","position":1,"name":"Inici","item":"https:\/\/lyceeidiomas.com\/es\/inicio\/"},{"@type":"ListItem","position":2,"name":"\u00bfQui\u00e9nes Somos?"}]},{"@type":"WebSite","@id":"https:\/\/lyceeidiomas.com\/#website","url":"https:\/\/lyceeidiomas.com\/","name":"LYC\u00c9E Idiomas","description":"Escola d&#039;idiomes i Formaci\u00f3","publisher":{"@id":"https:\/\/lyceeidiomas.com\/#organization"},"potentialAction":[{"@type":"SearchAction","target":{"@type":"EntryPoint","urlTemplate":"https:\/\/lyceeidiomas.com\/?s={search_term_string}"},"query-input":{"@type":"PropertyValueSpecification","valueRequired":true,"valueName":"search_term_string"}}],"inLanguage":"es"},{"@type":"Organization","@id":"https:\/\/lyceeidiomas.com\/#organization","name":"LYC\u00c9E Idiomas","url":"https:\/\/lyceeidiomas.com\/","logo":{"@type":"ImageObject","inLanguage":"es","@id":"https:\/\/lyceeidiomas.com\/#\/schema\/logo\/image\/","url":"https:\/\/lyceeidiomas.com\/wp-content\/uploads\/2025\/03\/Logo-LYCEEIDIOMAS-Photoroom-1.webp","contentUrl":"https:\/\/lyceeidiomas.com\/wp-content\/uploads\/2025\/03\/Logo-LYCEEIDIOMAS-Photoroom-1.webp","width":876,"height":1202,"caption":"LYC\u00c9E Idiomas"},"image":{"@id":"https:\/\/lyceeidiomas.com\/#\/schema\/logo\/image\/"}}]}},"_links":{"self":[{"href":"https:\/\/lyceeidiomas.com\/es\/wp-json\/wp\/v2\/pages\/370","targetHints":{"allow":["GET"]}}],"collection":[{"href":"https:\/\/lyceeidiomas.com\/es\/wp-json\/wp\/v2\/pages"}],"about":[{"href":"https:\/\/lyceeidiomas.com\/es\/wp-json\/wp\/v2\/types\/page"}],"author":[{"embeddable":true,"href":"https:\/\/lyceeidiomas.com\/es\/wp-json\/wp\/v2\/users\/1"}],"replies":[{"embeddable":true,"href":"https:\/\/lyceeidiomas.com\/es\/wp-json\/wp\/v2\/comments?post=370"}],"version-history":[{"count":2,"href":"https:\/\/lyceeidiomas.com\/es\/wp-json\/wp\/v2\/pages\/370\/revisions"}],"predecessor-version":[{"id":989,"href":"https:\/\/lyceeidiomas.com\/es\/wp-json\/wp\/v2\/pages\/370\/revisions\/989"}],"wp:attachment":[{"href":"https:\/\/lyceeidiomas.com\/es\/wp-json\/wp\/v2\/media?parent=370"}],"curies":[{"name":"wp","href":"https:\/\/api.w.org\/{rel}","templated":true}]}}